{"id":8,"date":"2016-12-28T05:53:52","date_gmt":"2016-12-28T05:53:52","guid":{"rendered":"https:\/\/raratheme.com\/preview\/construction-landing-page\/?page_id=8"},"modified":"2024-06-28T07:42:03","modified_gmt":"2024-06-28T07:42:03","slug":"home","status":"publish","type":"page","link":"https:\/\/bramsec.pl\/piaskowanie\/","title":{"rendered":"Skorzystaj z naszej us\u0142ugi"},"content":{"rendered":"<ul>\n<li>piaskowanie<\/li>\n<li>sodowanie<\/li>\n<li>szkie\u0142kowanie<\/li>\n<\/ul>\n\n\n<h2 class=\"wp-block-heading\">Usuwanie zanieczyszcze\u0144 z kostki brukowej, betonu, ceg\u0142y, stali.  Usuwanie farby, garafiti i rdzy. Wycena us\u0142ugi. Dojazd do klienta.<\/h2>\n\n\n\n<p><\/p>\n","protected":false},"excerpt":{"rendered":"<p>piaskowanie sodowanie szkie\u0142kowanie Usuwanie zanieczyszcze\u0144 z kostki brukowej, betonu, ceg\u0142y, stali. Usuwanie farby, garafiti i rdzy. Wycena us\u0142ugi. Dojazd do &hellip; <\/p>\n","protected":false},"author":1,"featured_media":234,"parent":0,"menu_order":0,"comment_status":"closed","ping_status":"closed","template":"template-home.php","meta":{"footnotes":""},"class_list":["post-8","page","type-page","status-publish","has-post-thumbnail","hentry"],"yoast_head":"<!-- This site is optimized with the Yoast SEO plugin v26.8 - https:\/\/yoast.com\/product\/yoast-seo-wordpress\/ -->\n<title>Skorzystaj z naszej us\u0142ugi - PIASKOWANIE mobilne<\/title>\n<meta name=\"description\" content=\"Piaskowanie i sodowanie \u0141\u00f3d\u017a. Usuwanie zanieczyszcze\u0144 z kostki brukowej, betonu, ceg\u0142y, stali. Usuwanie farby, garafiti i rdzy.\" \/>\n<meta name=\"robots\" content=\"index, follow, max-snippet:-1, max-image-preview:large, max-video-preview:-1\" \/>\n<link rel=\"canonical\" href=\"https:\/\/bramsec.pl\/piaskowanie\/\" \/>\n<meta property=\"og:locale\" content=\"pl_PL\" \/>\n<meta property=\"og:type\" content=\"article\" \/>\n<meta property=\"og:title\" content=\"Skorzystaj z naszej us\u0142ugi - PIASKOWANIE mobilne\" \/>\n<meta property=\"og:description\" content=\"Piaskowanie i sodowanie \u0141\u00f3d\u017a. Usuwanie zanieczyszcze\u0144 z kostki brukowej, betonu, ceg\u0142y, stali. Usuwanie farby, garafiti i rdzy.\" \/>\n<meta property=\"og:url\" content=\"https:\/\/bramsec.pl\/piaskowanie\/\" \/>\n<meta property=\"og:site_name\" content=\"PIASKOWANIE mobilne\" \/>\n<meta property=\"article:modified_time\" content=\"2024-06-28T07:42:03+00:00\" \/>\n<meta property=\"og:image\" content=\"https:\/\/bramsec.pl\/piaskowanie\/wp-content\/uploads\/2023\/02\/piaskowanie-sodowanie-bramsec-4-1.jpg\" \/>\n\t<meta property=\"og:image:width\" content=\"1918\" \/>\n\t<meta property=\"og:image:height\" content=\"905\" \/>\n\t<meta property=\"og:image:type\" content=\"image\/jpeg\" \/>\n<meta name=\"twitter:card\" content=\"summary_large_image\" \/>\n<meta name=\"twitter:label1\" content=\"Szacowany czas czytania\" \/>\n\t<meta name=\"twitter:data1\" content=\"1 minuta\" \/>\n<script type=\"application\/ld+json\" class=\"yoast-schema-graph\">{\"@context\":\"https:\/\/schema.org\",\"@graph\":[{\"@type\":\"WebPage\",\"@id\":\"https:\/\/bramsec.pl\/piaskowanie\/\",\"url\":\"https:\/\/bramsec.pl\/piaskowanie\/\",\"name\":\"Skorzystaj z naszej us\u0142ugi - PIASKOWANIE mobilne\",\"isPartOf\":{\"@id\":\"https:\/\/bramsec.pl\/piaskowanie\/#website\"},\"primaryImageOfPage\":{\"@id\":\"https:\/\/bramsec.pl\/piaskowanie\/#primaryimage\"},\"image\":{\"@id\":\"https:\/\/bramsec.pl\/piaskowanie\/#primaryimage\"},\"thumbnailUrl\":\"https:\/\/bramsec.pl\/piaskowanie\/wp-content\/uploads\/2023\/02\/piaskowanie-sodowanie-bramsec-4-1.jpg\",\"datePublished\":\"2016-12-28T05:53:52+00:00\",\"dateModified\":\"2024-06-28T07:42:03+00:00\",\"description\":\"Piaskowanie i sodowanie \u0141\u00f3d\u017a. Usuwanie zanieczyszcze\u0144 z kostki brukowej, betonu, ceg\u0142y, stali. Usuwanie farby, garafiti i rdzy.\",\"breadcrumb\":{\"@id\":\"https:\/\/bramsec.pl\/piaskowanie\/#breadcrumb\"},\"inLanguage\":\"pl-PL\",\"potentialAction\":[{\"@type\":\"ReadAction\",\"target\":[\"https:\/\/bramsec.pl\/piaskowanie\/\"]}]},{\"@type\":\"ImageObject\",\"inLanguage\":\"pl-PL\",\"@id\":\"https:\/\/bramsec.pl\/piaskowanie\/#primaryimage\",\"url\":\"https:\/\/bramsec.pl\/piaskowanie\/wp-content\/uploads\/2023\/02\/piaskowanie-sodowanie-bramsec-4-1.jpg\",\"contentUrl\":\"https:\/\/bramsec.pl\/piaskowanie\/wp-content\/uploads\/2023\/02\/piaskowanie-sodowanie-bramsec-4-1.jpg\",\"width\":1918,\"height\":905},{\"@type\":\"BreadcrumbList\",\"@id\":\"https:\/\/bramsec.pl\/piaskowanie\/#breadcrumb\",\"itemListElement\":[{\"@type\":\"ListItem\",\"position\":1,\"name\":\"Strona g\u0142\u00f3wna\",\"item\":\"https:\/\/bramsec.pl\/piaskowanie\/\"},{\"@type\":\"ListItem\",\"position\":2,\"name\":\"Skorzystaj z naszej us\u0142ugi\"}]},{\"@type\":\"WebSite\",\"@id\":\"https:\/\/bramsec.pl\/piaskowanie\/#website\",\"url\":\"https:\/\/bramsec.pl\/piaskowanie\/\",\"name\":\"PIASKOWANIE mobilne\",\"description\":\"Sodowanie &amp; Szkie\u0142kowanie\",\"potentialAction\":[{\"@type\":\"SearchAction\",\"target\":{\"@type\":\"EntryPoint\",\"urlTemplate\":\"https:\/\/bramsec.pl\/piaskowanie\/?s={search_term_string}\"},\"query-input\":{\"@type\":\"PropertyValueSpecification\",\"valueRequired\":true,\"valueName\":\"search_term_string\"}}],\"inLanguage\":\"pl-PL\"}]}<\/script>\n<!-- \/ Yoast SEO plugin. -->","yoast_head_json":{"title":"Skorzystaj z naszej us\u0142ugi - PIASKOWANIE mobilne","description":"Piaskowanie i sodowanie \u0141\u00f3d\u017a. Usuwanie zanieczyszcze\u0144 z kostki brukowej, betonu, ceg\u0142y, stali. Usuwanie farby, garafiti i rdzy.","robots":{"index":"index","follow":"follow","max-snippet":"max-snippet:-1","max-image-preview":"max-image-preview:large","max-video-preview":"max-video-preview:-1"},"canonical":"https:\/\/bramsec.pl\/piaskowanie\/","og_locale":"pl_PL","og_type":"article","og_title":"Skorzystaj z naszej us\u0142ugi - PIASKOWANIE mobilne","og_description":"Piaskowanie i sodowanie \u0141\u00f3d\u017a. Usuwanie zanieczyszcze\u0144 z kostki brukowej, betonu, ceg\u0142y, stali. Usuwanie farby, garafiti i rdzy.","og_url":"https:\/\/bramsec.pl\/piaskowanie\/","og_site_name":"PIASKOWANIE mobilne","article_modified_time":"2024-06-28T07:42:03+00:00","og_image":[{"width":1918,"height":905,"url":"https:\/\/bramsec.pl\/piaskowanie\/wp-content\/uploads\/2023\/02\/piaskowanie-sodowanie-bramsec-4-1.jpg","type":"image\/jpeg"}],"twitter_card":"summary_large_image","twitter_misc":{"Szacowany czas czytania":"1 minuta"},"schema":{"@context":"https:\/\/schema.org","@graph":[{"@type":"WebPage","@id":"https:\/\/bramsec.pl\/piaskowanie\/","url":"https:\/\/bramsec.pl\/piaskowanie\/","name":"Skorzystaj z naszej us\u0142ugi - PIASKOWANIE mobilne","isPartOf":{"@id":"https:\/\/bramsec.pl\/piaskowanie\/#website"},"primaryImageOfPage":{"@id":"https:\/\/bramsec.pl\/piaskowanie\/#primaryimage"},"image":{"@id":"https:\/\/bramsec.pl\/piaskowanie\/#primaryimage"},"thumbnailUrl":"https:\/\/bramsec.pl\/piaskowanie\/wp-content\/uploads\/2023\/02\/piaskowanie-sodowanie-bramsec-4-1.jpg","datePublished":"2016-12-28T05:53:52+00:00","dateModified":"2024-06-28T07:42:03+00:00","description":"Piaskowanie i sodowanie \u0141\u00f3d\u017a. Usuwanie zanieczyszcze\u0144 z kostki brukowej, betonu, ceg\u0142y, stali. Usuwanie farby, garafiti i rdzy.","breadcrumb":{"@id":"https:\/\/bramsec.pl\/piaskowanie\/#breadcrumb"},"inLanguage":"pl-PL","potentialAction":[{"@type":"ReadAction","target":["https:\/\/bramsec.pl\/piaskowanie\/"]}]},{"@type":"ImageObject","inLanguage":"pl-PL","@id":"https:\/\/bramsec.pl\/piaskowanie\/#primaryimage","url":"https:\/\/bramsec.pl\/piaskowanie\/wp-content\/uploads\/2023\/02\/piaskowanie-sodowanie-bramsec-4-1.jpg","contentUrl":"https:\/\/bramsec.pl\/piaskowanie\/wp-content\/uploads\/2023\/02\/piaskowanie-sodowanie-bramsec-4-1.jpg","width":1918,"height":905},{"@type":"BreadcrumbList","@id":"https:\/\/bramsec.pl\/piaskowanie\/#breadcrumb","itemListElement":[{"@type":"ListItem","position":1,"name":"Strona g\u0142\u00f3wna","item":"https:\/\/bramsec.pl\/piaskowanie\/"},{"@type":"ListItem","position":2,"name":"Skorzystaj z naszej us\u0142ugi"}]},{"@type":"WebSite","@id":"https:\/\/bramsec.pl\/piaskowanie\/#website","url":"https:\/\/bramsec.pl\/piaskowanie\/","name":"PIASKOWANIE mobilne","description":"Sodowanie &amp; Szkie\u0142kowanie","potentialAction":[{"@type":"SearchAction","target":{"@type":"EntryPoint","urlTemplate":"https:\/\/bramsec.pl\/piaskowanie\/?s={search_term_string}"},"query-input":{"@type":"PropertyValueSpecification","valueRequired":true,"valueName":"search_term_string"}}],"inLanguage":"pl-PL"}]}},"_links":{"self":[{"href":"https:\/\/bramsec.pl\/piaskowanie\/wp-json\/wp\/v2\/pages\/8","targetHints":{"allow":["GET"]}}],"collection":[{"href":"https:\/\/bramsec.pl\/piaskowanie\/wp-json\/wp\/v2\/pages"}],"about":[{"href":"https:\/\/bramsec.pl\/piaskowanie\/wp-json\/wp\/v2\/types\/page"}],"author":[{"embeddable":true,"href":"https:\/\/bramsec.pl\/piaskowanie\/wp-json\/wp\/v2\/users\/1"}],"replies":[{"embeddable":true,"href":"https:\/\/bramsec.pl\/piaskowanie\/wp-json\/wp\/v2\/comments?post=8"}],"version-history":[{"count":13,"href":"https:\/\/bramsec.pl\/piaskowanie\/wp-json\/wp\/v2\/pages\/8\/revisions"}],"predecessor-version":[{"id":489,"href":"https:\/\/bramsec.pl\/piaskowanie\/wp-json\/wp\/v2\/pages\/8\/revisions\/489"}],"wp:featuredmedia":[{"embeddable":true,"href":"https:\/\/bramsec.pl\/piaskowanie\/wp-json\/wp\/v2\/media\/234"}],"wp:attachment":[{"href":"https:\/\/bramsec.pl\/piaskowanie\/wp-json\/wp\/v2\/media?parent=8"}],"curies":[{"name":"wp","href":"https:\/\/api.w.org\/{rel}","templated":true}]}}