{"id":8,"date":"2023-03-14T17:13:06","date_gmt":"2023-03-14T17:13:06","guid":{"rendered":"https:\/\/raratheme.com\/preview\/construction-landing-page\/?page_id=8"},"modified":"2024-03-11T12:51:01","modified_gmt":"2024-03-11T12:51:01","slug":"home","status":"publish","type":"page","link":"https:\/\/bramsec.pl\/bramy-segmentowe\/","title":{"rendered":"Bramy przemys\u0142owe do magazyn\u00f3w"},"content":{"rendered":"<ul>\n<li>Bramy segmentowe panelowe<\/li>\n<li>Bramy segmentowe otwierane pionowo do g\u00f3ry<\/li>\n<li>Bramy segmentowe wyk\u0142adane pod sufit<\/li>\n<li>Bramy przemys\u0142owe dla: warsztat\u00f3w, hal, myjni, salon\u00f3w samochodowych<\/li>\n<li>Bramy gara\u017cowe (gara\u017ce podziemne)<\/li>\n<li>Monta\u017c i naprawa\/serwis bram segmentowych<\/li>\n<\/ul>\n","protected":false},"excerpt":{"rendered":"<p>Bramy segmentowe panelowe Bramy segmentowe otwierane pionowo do g\u00f3ry Bramy segmentowe wyk\u0142adane pod sufit Bramy przemys\u0142owe dla: warsztat\u00f3w, hal, myjni, &hellip; <\/p>\n","protected":false},"author":1,"featured_media":218,"parent":0,"menu_order":0,"comment_status":"closed","ping_status":"closed","template":"template-home.php","meta":{"_eb_attr":"","footnotes":""},"class_list":["post-8","page","type-page","status-publish","has-post-thumbnail","hentry"],"_links":{"self":[{"href":"https:\/\/bramsec.pl\/bramy-segmentowe\/wp-json\/wp\/v2\/pages\/8","targetHints":{"allow":["GET"]}}],"collection":[{"href":"https:\/\/bramsec.pl\/bramy-segmentowe\/wp-json\/wp\/v2\/pages"}],"about":[{"href":"https:\/\/bramsec.pl\/bramy-segmentowe\/wp-json\/wp\/v2\/types\/page"}],"author":[{"embeddable":true,"href":"https:\/\/bramsec.pl\/bramy-segmentowe\/wp-json\/wp\/v2\/users\/1"}],"replies":[{"embeddable":true,"href":"https:\/\/bramsec.pl\/bramy-segmentowe\/wp-json\/wp\/v2\/comments?post=8"}],"version-history":[{"count":7,"href":"https:\/\/bramsec.pl\/bramy-segmentowe\/wp-json\/wp\/v2\/pages\/8\/revisions"}],"predecessor-version":[{"id":365,"href":"https:\/\/bramsec.pl\/bramy-segmentowe\/wp-json\/wp\/v2\/pages\/8\/revisions\/365"}],"wp:featuredmedia":[{"embeddable":true,"href":"https:\/\/bramsec.pl\/bramy-segmentowe\/wp-json\/wp\/v2\/media\/218"}],"wp:attachment":[{"href":"https:\/\/bramsec.pl\/bramy-segmentowe\/wp-json\/wp\/v2\/media?parent=8"}],"curies":[{"name":"wp","href":"https:\/\/api.w.org\/{rel}","templated":true}]}}