{"id":8,"date":"2016-12-28T05:53:52","date_gmt":"2016-12-28T05:53:52","guid":{"rendered":"https:\/\/raratheme.com\/preview\/construction-landing-page\/?page_id=8"},"modified":"2024-02-21T12:05:29","modified_gmt":"2024-02-21T12:05:29","slug":"home","status":"publish","type":"page","link":"https:\/\/bramsec.pl\/bramy-przesuwne\/","title":{"rendered":"Bramy Wjazdowe &#8211; PRZESUWNE"},"content":{"rendered":"<p>Najpowszechniej stosowane s\u0105 w\u0142a\u015bnie bramy przesuwane.<\/p>\n\n\n<h2 class=\"has-large-font-size wp-block-heading\"><mark style=\"background-color:rgba(0, 0, 0, 0);color:#8ff18f\" class=\"has-inline-color\">Statystycznie co pi\u0105ta spotkana brama, to brama przesuwana.<\/mark> <mark style=\"background-color:rgba(0, 0, 0, 0);color:#f6ce5f\" class=\"has-inline-color\">KR\u00d3LOWA BRAM.<\/mark><\/h2>\n","protected":false},"excerpt":{"rendered":"<p>Najpowszechniej stosowane s\u0105 w\u0142a\u015bnie bramy przesuwane. Statystycznie co pi\u0105ta spotkana brama, to brama przesuwana. KR\u00d3LOWA BRAM.<\/p>\n","protected":false},"author":1,"featured_media":233,"parent":0,"menu_order":0,"comment_status":"closed","ping_status":"closed","template":"template-home.php","meta":{"footnotes":""},"class_list":["post-8","page","type-page","status-publish","has-post-thumbnail","hentry"],"_links":{"self":[{"href":"https:\/\/bramsec.pl\/bramy-przesuwne\/wp-json\/wp\/v2\/pages\/8","targetHints":{"allow":["GET"]}}],"collection":[{"href":"https:\/\/bramsec.pl\/bramy-przesuwne\/wp-json\/wp\/v2\/pages"}],"about":[{"href":"https:\/\/bramsec.pl\/bramy-przesuwne\/wp-json\/wp\/v2\/types\/page"}],"author":[{"embeddable":true,"href":"https:\/\/bramsec.pl\/bramy-przesuwne\/wp-json\/wp\/v2\/users\/1"}],"replies":[{"embeddable":true,"href":"https:\/\/bramsec.pl\/bramy-przesuwne\/wp-json\/wp\/v2\/comments?post=8"}],"version-history":[{"count":27,"href":"https:\/\/bramsec.pl\/bramy-przesuwne\/wp-json\/wp\/v2\/pages\/8\/revisions"}],"predecessor-version":[{"id":299,"href":"https:\/\/bramsec.pl\/bramy-przesuwne\/wp-json\/wp\/v2\/pages\/8\/revisions\/299"}],"wp:featuredmedia":[{"embeddable":true,"href":"https:\/\/bramsec.pl\/bramy-przesuwne\/wp-json\/wp\/v2\/media\/233"}],"wp:attachment":[{"href":"https:\/\/bramsec.pl\/bramy-przesuwne\/wp-json\/wp\/v2\/media?parent=8"}],"curies":[{"name":"wp","href":"https:\/\/api.w.org\/{rel}","templated":true}]}}